{"id":992,"date":"2022-10-18T19:15:37","date_gmt":"2022-10-18T19:15:37","guid":{"rendered":"https:\/\/rvby-shop.de\/?post_type=product&#038;p=992"},"modified":"2026-02-12T19:09:26","modified_gmt":"2026-02-12T19:09:26","slug":"rvby-muetze","status":"publish","type":"product","link":"https:\/\/rvby-shop.de\/?product=rvby-muetze","title":{"rendered":"Rugby Bayern M\u00fctze"},"content":{"rendered":"<ul>\n<li>Bommel-M\u00fctzen<\/li>\n<li>Neue &amp; verbesserte Form mit besserer Anpassung!<\/li>\n<li>100% Acryl<\/li>\n<li>Eine Gr\u00f6\u00dfe passt allen &#8220;One size fits all&#8221;<\/li>\n<\/ul>\n<p><strong>Sonderangebot zu Ostern!<\/strong><\/p>\n<p>Lieferung bzw. Postweg bis 5 Tage<\/p>\n","protected":false},"excerpt":{"rendered":"<p>Bommel-M\u00fctzen Neue &amp; verbesserte Form mit besserer Anpassung! 100% Acryl Eine Gr\u00f6\u00dfe passt allen &#8220;One size fits all&#8221; Sonderangebot zu Ostern! Lieferung bzw. Postweg bis 5 Tage<\/p>\n","protected":false},"featured_media":1036,"template":"","meta":[],"product_cat":[127],"product_tag":[130],"class_list":{"0":"post-992","1":"product","2":"type-product","3":"status-publish","4":"has-post-thumbnail","6":"product_cat-accessoire","7":"product_tag-muetze","9":"first","10":"instock","11":"shipping-taxable","12":"purchasable","13":"product-type-simple"},"yoast_head":"<!-- This site is optimized with the Yoast SEO plugin v22.3 - https:\/\/yoast.com\/wordpress\/plugins\/seo\/ -->\n<title>Rugby Bayern M\u00fctze - Rugby Verband Bayern e.V.<\/title>\n<meta name=\"robots\" content=\"index, follow, max-snippet:-1, max-image-preview:large, max-video-preview:-1\" \/>\n<link rel=\"canonical\" href=\"https:\/\/rvby-shop.de\/?product=rvby-muetze\" \/>\n<meta property=\"og:locale\" content=\"de_DE\" \/>\n<meta property=\"og:type\" content=\"article\" \/>\n<meta property=\"og:title\" content=\"Rugby Bayern M\u00fctze - Rugby Verband Bayern e.V.\" \/>\n<meta property=\"og:description\" content=\"Bommel-M\u00fctzen Neue &amp; verbesserte Form mit besserer Anpassung! 100% Acryl Eine Gr\u00f6\u00dfe passt allen &#8220;One size fits all&#8221; Sonderangebot zu Ostern! Lieferung bzw. Postweg bis 5 Tage\" \/>\n<meta property=\"og:url\" content=\"https:\/\/rvby-shop.de\/?product=rvby-muetze\" \/>\n<meta property=\"og:site_name\" content=\"Rugby Verband Bayern e.V.\" \/>\n<meta property=\"article:modified_time\" content=\"2026-02-12T19:09:26+00:00\" \/>\n<meta property=\"og:image\" content=\"https:\/\/rvby-shop.de\/wp-content\/uploads\/2022\/10\/RVBy-Muetze-SL.jpg\" \/>\n\t<meta property=\"og:image:width\" content=\"1000\" \/>\n\t<meta property=\"og:image:height\" content=\"1237\" \/>\n\t<meta property=\"og:image:type\" content=\"image\/jpeg\" \/>\n<meta name=\"twitter:card\" content=\"summary_large_image\" \/>\n<meta name=\"twitter:label1\" content=\"Gesch\u00e4tzte Lesezeit\" \/>\n\t<meta name=\"twitter:data1\" content=\"1\u00a0Minute\" \/>\n<script type=\"application\/ld+json\" class=\"yoast-schema-graph\">{\"@context\":\"https:\/\/schema.org\",\"@graph\":[{\"@type\":\"WebPage\",\"@id\":\"https:\/\/rvby-shop.de\/?product=rvby-muetze\",\"url\":\"https:\/\/rvby-shop.de\/?product=rvby-muetze\",\"name\":\"Rugby Bayern M\u00fctze - Rugby Verband Bayern e.V.\",\"isPartOf\":{\"@id\":\"https:\/\/rvby-shop.de\/#website\"},\"primaryImageOfPage\":{\"@id\":\"https:\/\/rvby-shop.de\/?product=rvby-muetze#primaryimage\"},\"image\":{\"@id\":\"https:\/\/rvby-shop.de\/?product=rvby-muetze#primaryimage\"},\"thumbnailUrl\":\"https:\/\/rvby-shop.de\/wp-content\/uploads\/2022\/10\/RVBy-Muetze-SL.jpg\",\"datePublished\":\"2022-10-18T19:15:37+00:00\",\"dateModified\":\"2026-02-12T19:09:26+00:00\",\"breadcrumb\":{\"@id\":\"https:\/\/rvby-shop.de\/?product=rvby-muetze#breadcrumb\"},\"inLanguage\":\"de\",\"potentialAction\":[{\"@type\":\"ReadAction\",\"target\":[\"https:\/\/rvby-shop.de\/?product=rvby-muetze\"]}]},{\"@type\":\"ImageObject\",\"inLanguage\":\"de\",\"@id\":\"https:\/\/rvby-shop.de\/?product=rvby-muetze#primaryimage\",\"url\":\"https:\/\/rvby-shop.de\/wp-content\/uploads\/2022\/10\/RVBy-Muetze-SL.jpg\",\"contentUrl\":\"https:\/\/rvby-shop.de\/wp-content\/uploads\/2022\/10\/RVBy-Muetze-SL.jpg\",\"width\":1000,\"height\":1237},{\"@type\":\"BreadcrumbList\",\"@id\":\"https:\/\/rvby-shop.de\/?product=rvby-muetze#breadcrumb\",\"itemListElement\":[{\"@type\":\"ListItem\",\"position\":1,\"name\":\"Shop\",\"item\":\"https:\/\/rvby-shop.de\/?page_id=8\"},{\"@type\":\"ListItem\",\"position\":2,\"name\":\"Rugby Bayern M\u00fctze\"}]},{\"@type\":\"WebSite\",\"@id\":\"https:\/\/rvby-shop.de\/#website\",\"url\":\"https:\/\/rvby-shop.de\/\",\"name\":\"Rugby Verband Bayern e.V.\",\"description\":\"Online Shop\",\"publisher\":{\"@id\":\"https:\/\/rvby-shop.de\/#organization\"},\"potentialAction\":[{\"@type\":\"SearchAction\",\"target\":{\"@type\":\"EntryPoint\",\"urlTemplate\":\"https:\/\/rvby-shop.de\/?s={search_term_string}\"},\"query-input\":\"required name=search_term_string\"}],\"inLanguage\":\"de\"},{\"@type\":\"Organization\",\"@id\":\"https:\/\/rvby-shop.de\/#organization\",\"name\":\"Rugby Verband Bayern e.V.\",\"url\":\"https:\/\/rvby-shop.de\/\",\"logo\":{\"@type\":\"ImageObject\",\"inLanguage\":\"de\",\"@id\":\"https:\/\/rvby-shop.de\/#\/schema\/logo\/image\/\",\"url\":\"https:\/\/rvby-shop.de\/wp-content\/uploads\/2022\/02\/shop-logo.png\",\"contentUrl\":\"https:\/\/rvby-shop.de\/wp-content\/uploads\/2022\/02\/shop-logo.png\",\"width\":202,\"height\":80,\"caption\":\"Rugby Verband Bayern e.V.\"},\"image\":{\"@id\":\"https:\/\/rvby-shop.de\/#\/schema\/logo\/image\/\"}}]}<\/script>\n<!-- \/ Yoast SEO plugin. -->","yoast_head_json":{"title":"Rugby Bayern M\u00fctze - Rugby Verband Bayern e.V.","robots":{"index":"index","follow":"follow","max-snippet":"max-snippet:-1","max-image-preview":"max-image-preview:large","max-video-preview":"max-video-preview:-1"},"canonical":"https:\/\/rvby-shop.de\/?product=rvby-muetze","og_locale":"de_DE","og_type":"article","og_title":"Rugby Bayern M\u00fctze - Rugby Verband Bayern e.V.","og_description":"Bommel-M\u00fctzen Neue &amp; verbesserte Form mit besserer Anpassung! 100% Acryl Eine Gr\u00f6\u00dfe passt allen &#8220;One size fits all&#8221; Sonderangebot zu Ostern! Lieferung bzw. Postweg bis 5 Tage","og_url":"https:\/\/rvby-shop.de\/?product=rvby-muetze","og_site_name":"Rugby Verband Bayern e.V.","article_modified_time":"2026-02-12T19:09:26+00:00","og_image":[{"width":1000,"height":1237,"url":"https:\/\/rvby-shop.de\/wp-content\/uploads\/2022\/10\/RVBy-Muetze-SL.jpg","type":"image\/jpeg"}],"twitter_card":"summary_large_image","twitter_misc":{"Gesch\u00e4tzte Lesezeit":"1\u00a0Minute"},"schema":{"@context":"https:\/\/schema.org","@graph":[{"@type":"WebPage","@id":"https:\/\/rvby-shop.de\/?product=rvby-muetze","url":"https:\/\/rvby-shop.de\/?product=rvby-muetze","name":"Rugby Bayern M\u00fctze - Rugby Verband Bayern e.V.","isPartOf":{"@id":"https:\/\/rvby-shop.de\/#website"},"primaryImageOfPage":{"@id":"https:\/\/rvby-shop.de\/?product=rvby-muetze#primaryimage"},"image":{"@id":"https:\/\/rvby-shop.de\/?product=rvby-muetze#primaryimage"},"thumbnailUrl":"https:\/\/rvby-shop.de\/wp-content\/uploads\/2022\/10\/RVBy-Muetze-SL.jpg","datePublished":"2022-10-18T19:15:37+00:00","dateModified":"2026-02-12T19:09:26+00:00","breadcrumb":{"@id":"https:\/\/rvby-shop.de\/?product=rvby-muetze#breadcrumb"},"inLanguage":"de","potentialAction":[{"@type":"ReadAction","target":["https:\/\/rvby-shop.de\/?product=rvby-muetze"]}]},{"@type":"ImageObject","inLanguage":"de","@id":"https:\/\/rvby-shop.de\/?product=rvby-muetze#primaryimage","url":"https:\/\/rvby-shop.de\/wp-content\/uploads\/2022\/10\/RVBy-Muetze-SL.jpg","contentUrl":"https:\/\/rvby-shop.de\/wp-content\/uploads\/2022\/10\/RVBy-Muetze-SL.jpg","width":1000,"height":1237},{"@type":"BreadcrumbList","@id":"https:\/\/rvby-shop.de\/?product=rvby-muetze#breadcrumb","itemListElement":[{"@type":"ListItem","position":1,"name":"Shop","item":"https:\/\/rvby-shop.de\/?page_id=8"},{"@type":"ListItem","position":2,"name":"Rugby Bayern M\u00fctze"}]},{"@type":"WebSite","@id":"https:\/\/rvby-shop.de\/#website","url":"https:\/\/rvby-shop.de\/","name":"Rugby Verband Bayern e.V.","description":"Online Shop","publisher":{"@id":"https:\/\/rvby-shop.de\/#organization"},"potentialAction":[{"@type":"SearchAction","target":{"@type":"EntryPoint","urlTemplate":"https:\/\/rvby-shop.de\/?s={search_term_string}"},"query-input":"required name=search_term_string"}],"inLanguage":"de"},{"@type":"Organization","@id":"https:\/\/rvby-shop.de\/#organization","name":"Rugby Verband Bayern e.V.","url":"https:\/\/rvby-shop.de\/","logo":{"@type":"ImageObject","inLanguage":"de","@id":"https:\/\/rvby-shop.de\/#\/schema\/logo\/image\/","url":"https:\/\/rvby-shop.de\/wp-content\/uploads\/2022\/02\/shop-logo.png","contentUrl":"https:\/\/rvby-shop.de\/wp-content\/uploads\/2022\/02\/shop-logo.png","width":202,"height":80,"caption":"Rugby Verband Bayern e.V."},"image":{"@id":"https:\/\/rvby-shop.de\/#\/schema\/logo\/image\/"}}]}},"jetpack_sharing_enabled":true,"_links":{"self":[{"href":"https:\/\/rvby-shop.de\/index.php?rest_route=\/wp\/v2\/product\/992","targetHints":{"allow":["GET"]}}],"collection":[{"href":"https:\/\/rvby-shop.de\/index.php?rest_route=\/wp\/v2\/product"}],"about":[{"href":"https:\/\/rvby-shop.de\/index.php?rest_route=\/wp\/v2\/types\/product"}],"wp:featuredmedia":[{"embeddable":true,"href":"https:\/\/rvby-shop.de\/index.php?rest_route=\/wp\/v2\/media\/1036"}],"wp:attachment":[{"href":"https:\/\/rvby-shop.de\/index.php?rest_route=%2Fwp%2Fv2%2Fmedia&parent=992"}],"wp:term":[{"taxonomy":"product_cat","embeddable":true,"href":"https:\/\/rvby-shop.de\/index.php?rest_route=%2Fwp%2Fv2%2Fproduct_cat&post=992"},{"taxonomy":"product_tag","embeddable":true,"href":"https:\/\/rvby-shop.de\/index.php?rest_route=%2Fwp%2Fv2%2Fproduct_tag&post=992"}],"curies":[{"name":"wp","href":"https:\/\/api.w.org\/{rel}","templated":true}]}}