{"id":495,"date":"2022-03-01T02:03:21","date_gmt":"2022-03-01T02:03:21","guid":{"rendered":"https:\/\/rvby-shop.de\/agb\/"},"modified":"2022-03-27T09:56:50","modified_gmt":"2022-03-27T09:56:50","slug":"agb","status":"publish","type":"page","link":"https:\/\/rvby-shop.de\/?page_id=495","title":{"rendered":"Allgemeine Gesch\u00e4ftsbedingungen (AGB)"},"content":{"rendered":"\n<p><strong>\u00a7 1 Verwender<\/strong><br>Als Verwender dieser AGB gilt:<\/p>\n\n\n\n<p>Rugby Verband Bayern e.V.<br>Weiherweg 73<br>82194 Gr\u00f6benzell<br>Registernummer: VR 15902<br>Registergericht: Registergericht M\u00fcnchen<\/p>\n\n\n\n<p><strong>\u00a7 2 Geltungsbereich<\/strong><br>Diese Allgemeinen Gesch\u00e4ftsbedingungen gelten f\u00fcr alle Rechtsgesch\u00e4fte zwischen dem Verwender und einem Verbraucher (Gem\u00e4\u00df \u00a7 13 BGB einer \u201enat\u00fcrlichen Person, die ein Rechtsgesch\u00e4ft zu Zwecken abschlie\u00dft, die \u00fcberwiegend weder ihrer gewerblichen noch ihrer selbst\u00e4ndigen beruflichen T\u00e4tigkeit zugerechnet werden k\u00f6nnen\u201c).<\/p>\n\n\n\n<p><strong>\u00a7 3 Vertragsschluss und Speicherung des Vertragstextes<\/strong><br>Die Bestimmungen dieser AGB gelten f\u00fcr Bestellungen, welche Verbraucher \u00fcber die Website www.rvby-shop.de des Onlineshops des Rugby Verbands Bayern (RVBy) abschlie\u00dfen.<\/p>\n\n\n\n<p>Der Vertrag kommt mit dem Verwender (siehe \u00a7 1) zustande.<\/p>\n\n\n\n<p>Die Vorstellung und Beschreibung der Waren auf der Internetseite des Shops www.rvby-shop.de stellt kein Vertragsangebot dar.<\/p>\n\n\n\n<p>Mit der Bestellung einer Ware durch einen Klick auf den Button \u201eZahlungspflichtig bestellen\u201c am Ende des Bestellvorgangs gibt ein Verbraucher ein verbindliches Angebot auf einen Kaufvertragsabschluss ab. Erst mit dem Versand einer Auftragsbest\u00e4tigung per E-Mail durch den Verwender kommt der Vertragsschluss zustande.<\/p>\n\n\n\n<p>Der Vertragstext wird bei Bestellungen gespeichert. Verbraucher erhalten eine E-Mail mit den Bestelldaten und den geltenden AGB. Nach Vertragsschluss sind die Bestelldaten nicht mehr online einsehbar.<\/p>\n\n\n\n<p><strong>\u00a7 4 Zahlung<\/strong><br>Die gesetzliche Umsatzsteuer sowie weitere Preisbestandteile sind in den angegebenen Preisen inbegriffen. Versandkosten sind nicht im angezeigten Preis enthalten und k\u00f6nnen ggf. zus\u00e4tzlich anfallen.<br>Verbrauchern stehen folgende Zahlungsoptionen zur Verf\u00fcgung:<\/p>\n\n\n\n<ul class=\"wp-block-list\"><li>PayPal<\/li><li>Bank\u00fcberweisung<\/li><\/ul>\n\n\n\n<p><strong><br>\u00a7 5 Lieferung, Lieferungsbeschr\u00e4nkungen, Abnahme und Abnahmeverzug<\/strong><br>Die Lieferung erfolgt \u2013 sofern die Beschreibung eines gew\u00e4hlten Produkts nicht explizit Abweichendes festlegt \u2013 innerhalb von 7 Werktagen.<br>Diese Frist beginnt im Falle der Zahlung via \u00dcberweisung oder PayPal am Tag nach Zahlungseingang zu laufen.<\/p>\n\n\n\n<p>Soweit nicht anders vereinbart, liefern wir die bestelle Ware an die vom Besteller angegebene Lieferadresse. Angaben \u00fcber die Lieferfrist sind stets unverbindlich. Jeglicher Schadenersatz oder sonstige Anspr\u00fcche aus einem Lieferverzug sind auch nach erfolgter Frist oder Nachfristsetzung grunds\u00e4tzlich ausgeschlossen. Falls der Rugby Verband Bayern  die vereinbarte Lieferfrist nicht einhalten kann, hat der Besteller eine angemessene Nachlieferfrist beginnend vom Tage des Eingangs der schriftlichen Inzugsetzung durch den Besteller zu gew\u00e4hren. Wird der RVBy von \u00a0einem Lieferanten nicht beliefert, da die bestellte Ware nicht verf\u00fcgbar ist, ist der RVBy zum R\u00fccktritt von diesem Vertrag berechtigt. Der Besteller wird dar\u00fcber unverz\u00fcglich in Kenntnis gesetzt und der RVBy erstattet den eventuell bereits bezahlten Kaufpreis umgehend. Ausgelieferte Gegenst\u00e4nde sind, auch wenn sie unwesentliche M\u00e4ngel aufweisen, vom Besteller entgegenzunehmen, Teillieferungen sind zul\u00e4ssig, zus\u00e4tzliche Kosten f\u00fcr Porto und Verpackung fallen f\u00fcr den Besteller nicht an.  <\/p>\n\n\n\n<p>\u00a7<strong> 6 Waschanleitung<\/strong><\/p>\n\n\n\n<p>Bedruckte und bestickte Textilien sind wie folgt zu waschen: Maximal 30 Grad, kein Weichsp\u00fcler. Nicht in den Trockner geben.<\/p>\n\n\n\n<p><strong>\u00a7 7 Gefahren\u00fcbergang<\/strong><br>Das Risiko einer zuf\u00e4lligen Verschlechterung oder einem zuf\u00e4lligen Verlust der Ware liegt bis zur \u00dcbergabe der Ware beim Transportunternehmen beim Verwender und geht mit der \u00dcbergabe auf den Verbraucher \u00fcber.<\/p>\n\n\n\n<p><strong>\u00a7 8 Eigentumsvorbehalt<\/strong><br>Bis zum vollst\u00e4ndigen Empfang des Kaufpreises beh\u00e4lt sich der Verwender das Eigentum an der Ware vor.<\/p>\n\n\n\n<p><strong>\u00a7 9 Gew\u00e4hrleistung und Haftung<\/strong><br>Die gesetzlichen Gew\u00e4hrleistungsregelungen gelten. Jeder Besteller oder Wiederverk\u00e4ufer ist allein daf\u00fcr verantwortlich, zu entscheiden, ob eine beim Verk\u00e4ufer bestellte Ware zu einer bestimmten Nutzung f\u00e4hig ist. Beanstandungen wegen offensichtlicher M\u00e4ngel einer Lieferung (M\u00e4ngel- und G\u00fctem\u00e4ngelr\u00fcgen) sowie von Falschlieferungen m\u00fcssen schriftlich innerhalb von 8 Tagen nach Eintreffen der Ware am Bestimmungsort erfolgen, ansonsten ist der Verk\u00e4ufer von der M\u00e4ngelhaftung befreit. M\u00e4ngel eines Teiles der Lieferung berechtigen nicht zur Beanstandung der ganzen Lieferung<strong>. <\/strong>Von jeglicher Gew\u00e4hrleistung ausgeschlossen sind Transportsch\u00e4den sowie Fehler, die durch unsachgem\u00e4\u00dfe Handhabung, \u00e4u\u00dfere Einwirkung, Eindringen von Fl\u00fcssigkeiten oder falsches Waschen oder Trocknen (siehe \u00a76) der Ware durch den K\u00e4ufer oder einen Dritten verursacht werden. Es besteht keine Garantie bzgl. der Haltbarkeit des Drucks bei gelieferten Waren.<\/p>\n","protected":false},"excerpt":{"rendered":"<p>\u00a7 1 VerwenderAls Verwender dieser AGB gilt: Rugby Verband Bayern e.V.Weiherweg 7382194 Gr\u00f6benzellRegisternummer: VR 15902Registergericht: Registergericht M\u00fcnchen \u00a7 2 GeltungsbereichDiese Allgemeinen Gesch\u00e4ftsbedingungen gelten f\u00fcr alle Rechtsgesch\u00e4fte zwischen dem Verwender und einem Verbraucher (Gem\u00e4\u00df \u00a7 13 BGB einer \u201enat\u00fcrlichen Person, die ein Rechtsgesch\u00e4ft zu Zwecken abschlie\u00dft, die \u00fcberwiegend weder ihrer gewerblichen noch ihrer selbst\u00e4ndigen beruflichen T\u00e4tigkeit [&hellip;]<\/p>\n","protected":false},"author":1,"featured_media":0,"parent":0,"menu_order":0,"comment_status":"closed","ping_status":"closed","template":"","meta":{"footnotes":""},"class_list":["post-495","page","type-page","status-publish","hentry"],"yoast_head":"<!-- This site is optimized with the Yoast SEO plugin v22.3 - https:\/\/yoast.com\/wordpress\/plugins\/seo\/ -->\n<title>Allgemeine Gesch\u00e4ftsbedingungen (AGB) - Rugby Verband Bayern e.V.<\/title>\n<meta name=\"robots\" content=\"index, follow, max-snippet:-1, max-image-preview:large, max-video-preview:-1\" \/>\n<link rel=\"canonical\" href=\"https:\/\/rvby-shop.de\/?page_id=495\" \/>\n<meta property=\"og:locale\" content=\"de_DE\" \/>\n<meta property=\"og:type\" content=\"article\" \/>\n<meta property=\"og:title\" content=\"Allgemeine Gesch\u00e4ftsbedingungen (AGB) - Rugby Verband Bayern e.V.\" \/>\n<meta property=\"og:description\" content=\"\u00a7 1 VerwenderAls Verwender dieser AGB gilt: Rugby Verband Bayern e.V.Weiherweg 7382194 Gr\u00f6benzellRegisternummer: VR 15902Registergericht: Registergericht M\u00fcnchen \u00a7 2 GeltungsbereichDiese Allgemeinen Gesch\u00e4ftsbedingungen gelten f\u00fcr alle Rechtsgesch\u00e4fte zwischen dem Verwender und einem Verbraucher (Gem\u00e4\u00df \u00a7 13 BGB einer \u201enat\u00fcrlichen Person, die ein Rechtsgesch\u00e4ft zu Zwecken abschlie\u00dft, die \u00fcberwiegend weder ihrer gewerblichen noch ihrer selbst\u00e4ndigen beruflichen T\u00e4tigkeit [&hellip;]\" \/>\n<meta property=\"og:url\" content=\"https:\/\/rvby-shop.de\/?page_id=495\" \/>\n<meta property=\"og:site_name\" content=\"Rugby Verband Bayern e.V.\" \/>\n<meta property=\"article:modified_time\" content=\"2022-03-27T09:56:50+00:00\" \/>\n<meta name=\"twitter:card\" content=\"summary_large_image\" \/>\n<meta name=\"twitter:label1\" content=\"Gesch\u00e4tzte Lesezeit\" \/>\n\t<meta name=\"twitter:data1\" content=\"4\u00a0Minuten\" \/>\n<script type=\"application\/ld+json\" class=\"yoast-schema-graph\">{\"@context\":\"https:\/\/schema.org\",\"@graph\":[{\"@type\":\"WebPage\",\"@id\":\"https:\/\/rvby-shop.de\/?page_id=495\",\"url\":\"https:\/\/rvby-shop.de\/?page_id=495\",\"name\":\"Allgemeine Gesch\u00e4ftsbedingungen (AGB) - Rugby Verband Bayern e.V.\",\"isPartOf\":{\"@id\":\"https:\/\/rvby-shop.de\/#website\"},\"datePublished\":\"2022-03-01T02:03:21+00:00\",\"dateModified\":\"2022-03-27T09:56:50+00:00\",\"inLanguage\":\"de\",\"potentialAction\":[{\"@type\":\"ReadAction\",\"target\":[\"https:\/\/rvby-shop.de\/?page_id=495\"]}]},{\"@type\":\"WebSite\",\"@id\":\"https:\/\/rvby-shop.de\/#website\",\"url\":\"https:\/\/rvby-shop.de\/\",\"name\":\"Rugby Verband Bayern e.V.\",\"description\":\"Online Shop\",\"publisher\":{\"@id\":\"https:\/\/rvby-shop.de\/#organization\"},\"potentialAction\":[{\"@type\":\"SearchAction\",\"target\":{\"@type\":\"EntryPoint\",\"urlTemplate\":\"https:\/\/rvby-shop.de\/?s={search_term_string}\"},\"query-input\":\"required name=search_term_string\"}],\"inLanguage\":\"de\"},{\"@type\":\"Organization\",\"@id\":\"https:\/\/rvby-shop.de\/#organization\",\"name\":\"Rugby Verband Bayern e.V.\",\"url\":\"https:\/\/rvby-shop.de\/\",\"logo\":{\"@type\":\"ImageObject\",\"inLanguage\":\"de\",\"@id\":\"https:\/\/rvby-shop.de\/#\/schema\/logo\/image\/\",\"url\":\"https:\/\/rvby-shop.de\/wp-content\/uploads\/2022\/02\/shop-logo.png\",\"contentUrl\":\"https:\/\/rvby-shop.de\/wp-content\/uploads\/2022\/02\/shop-logo.png\",\"width\":202,\"height\":80,\"caption\":\"Rugby Verband Bayern e.V.\"},\"image\":{\"@id\":\"https:\/\/rvby-shop.de\/#\/schema\/logo\/image\/\"}}]}<\/script>\n<!-- \/ Yoast SEO plugin. -->","yoast_head_json":{"title":"Allgemeine Gesch\u00e4ftsbedingungen (AGB) - Rugby Verband Bayern e.V.","robots":{"index":"index","follow":"follow","max-snippet":"max-snippet:-1","max-image-preview":"max-image-preview:large","max-video-preview":"max-video-preview:-1"},"canonical":"https:\/\/rvby-shop.de\/?page_id=495","og_locale":"de_DE","og_type":"article","og_title":"Allgemeine Gesch\u00e4ftsbedingungen (AGB) - Rugby Verband Bayern e.V.","og_description":"\u00a7 1 VerwenderAls Verwender dieser AGB gilt: Rugby Verband Bayern e.V.Weiherweg 7382194 Gr\u00f6benzellRegisternummer: VR 15902Registergericht: Registergericht M\u00fcnchen \u00a7 2 GeltungsbereichDiese Allgemeinen Gesch\u00e4ftsbedingungen gelten f\u00fcr alle Rechtsgesch\u00e4fte zwischen dem Verwender und einem Verbraucher (Gem\u00e4\u00df \u00a7 13 BGB einer \u201enat\u00fcrlichen Person, die ein Rechtsgesch\u00e4ft zu Zwecken abschlie\u00dft, die \u00fcberwiegend weder ihrer gewerblichen noch ihrer selbst\u00e4ndigen beruflichen T\u00e4tigkeit [&hellip;]","og_url":"https:\/\/rvby-shop.de\/?page_id=495","og_site_name":"Rugby Verband Bayern e.V.","article_modified_time":"2022-03-27T09:56:50+00:00","twitter_card":"summary_large_image","twitter_misc":{"Gesch\u00e4tzte Lesezeit":"4\u00a0Minuten"},"schema":{"@context":"https:\/\/schema.org","@graph":[{"@type":"WebPage","@id":"https:\/\/rvby-shop.de\/?page_id=495","url":"https:\/\/rvby-shop.de\/?page_id=495","name":"Allgemeine Gesch\u00e4ftsbedingungen (AGB) - Rugby Verband Bayern e.V.","isPartOf":{"@id":"https:\/\/rvby-shop.de\/#website"},"datePublished":"2022-03-01T02:03:21+00:00","dateModified":"2022-03-27T09:56:50+00:00","inLanguage":"de","potentialAction":[{"@type":"ReadAction","target":["https:\/\/rvby-shop.de\/?page_id=495"]}]},{"@type":"WebSite","@id":"https:\/\/rvby-shop.de\/#website","url":"https:\/\/rvby-shop.de\/","name":"Rugby Verband Bayern e.V.","description":"Online Shop","publisher":{"@id":"https:\/\/rvby-shop.de\/#organization"},"potentialAction":[{"@type":"SearchAction","target":{"@type":"EntryPoint","urlTemplate":"https:\/\/rvby-shop.de\/?s={search_term_string}"},"query-input":"required name=search_term_string"}],"inLanguage":"de"},{"@type":"Organization","@id":"https:\/\/rvby-shop.de\/#organization","name":"Rugby Verband Bayern e.V.","url":"https:\/\/rvby-shop.de\/","logo":{"@type":"ImageObject","inLanguage":"de","@id":"https:\/\/rvby-shop.de\/#\/schema\/logo\/image\/","url":"https:\/\/rvby-shop.de\/wp-content\/uploads\/2022\/02\/shop-logo.png","contentUrl":"https:\/\/rvby-shop.de\/wp-content\/uploads\/2022\/02\/shop-logo.png","width":202,"height":80,"caption":"Rugby Verband Bayern e.V."},"image":{"@id":"https:\/\/rvby-shop.de\/#\/schema\/logo\/image\/"}}]}},"jetpack_sharing_enabled":true,"_links":{"self":[{"href":"https:\/\/rvby-shop.de\/index.php?rest_route=\/wp\/v2\/pages\/495","targetHints":{"allow":["GET"]}}],"collection":[{"href":"https:\/\/rvby-shop.de\/index.php?rest_route=\/wp\/v2\/pages"}],"about":[{"href":"https:\/\/rvby-shop.de\/index.php?rest_route=\/wp\/v2\/types\/page"}],"author":[{"embeddable":true,"href":"https:\/\/rvby-shop.de\/index.php?rest_route=\/wp\/v2\/users\/1"}],"replies":[{"embeddable":true,"href":"https:\/\/rvby-shop.de\/index.php?rest_route=%2Fwp%2Fv2%2Fcomments&post=495"}],"version-history":[{"count":8,"href":"https:\/\/rvby-shop.de\/index.php?rest_route=\/wp\/v2\/pages\/495\/revisions"}],"predecessor-version":[{"id":794,"href":"https:\/\/rvby-shop.de\/index.php?rest_route=\/wp\/v2\/pages\/495\/revisions\/794"}],"wp:attachment":[{"href":"https:\/\/rvby-shop.de\/index.php?rest_route=%2Fwp%2Fv2%2Fmedia&parent=495"}],"curies":[{"name":"wp","href":"https:\/\/api.w.org\/{rel}","templated":true}]}}