{"id":494,"date":"2022-03-01T02:03:21","date_gmt":"2022-03-01T02:03:21","guid":{"rendered":"https:\/\/rvby-shop.de\/impressum\/"},"modified":"2022-10-26T10:42:23","modified_gmt":"2022-10-26T10:42:23","slug":"impressum","status":"publish","type":"page","link":"https:\/\/rvby-shop.de\/?page_id=494","title":{"rendered":"Impressum"},"content":{"rendered":"<h2>Angaben gem\u00e4\u00df \u00a7 5 TMG:<\/h2>\n<p>Rugby Verband Bayern e.V.<br \/>\nWeiherweg 73<br \/>\n82194 Gr\u00f6benzell<\/p>\n<h2>Vertreten durch:<\/h2>\n<p>Vorsitzende: Sigrit Liebe<br \/>\nVize-Vorsitzender: &#8212;<\/p>\n<h2>Kontakt:<\/h2>\n<table>\n<tbody>\n<tr>\n<td>E-Mail:<\/td>\n<td><span id=\"cloak0005aa72e3c1a451477547ec32aa9b52\"><a href=\"mailto:info@rvby.de\">shop@rvby.de<\/a><\/span><\/td>\n<\/tr>\n<tr>\n<td>Tel<\/td>\n<td>+49 8142 5063380<\/td>\n<\/tr>\n<\/tbody>\n<\/table>\n<h2>Registereintrag:<\/h2>\n<p>Eintragung im Vereinsregister.<br \/>\nRegistergericht:Registergericht M\u00fcnchen<br \/>\nRegisternummer: VR 15902<\/p>\n<p>Umsatzsteuer-Identifikationsnummer gem\u00e4\u00df \u00a727 a Umsatzsteuergesetz:<br \/>\nDE 143\/221\/00540<\/p>\n<p>Wir sind nicht bereit oder verpflichtet, an Streitbeilegungsverfahren vor einer Verbraucherschlichtungsstelle teilzunehmen.<\/p>\n<h2>Haftung f\u00fcr Inhalte<\/h2>\n<p>Als Diensteanbieter sind wir gem\u00e4\u00df \u00a7 7 Abs.1 TMG f\u00fcr eigene Inhalte auf diesen Seiten nach den allgemeinen Gesetzen verantwortlich. Nach \u00a7\u00a7 8 bis 10 TMG sind wir als Diensteanbieter jedoch nicht verpflichtet, \u00fcbermittelte oder gespeicherte fremde Informationen zu \u00fcberwachen oder nach Umst\u00e4nden zu forschen, die auf eine rechtswidrige T\u00e4tigkeit hinweisen.<\/p>\n<p>Verpflichtungen zur Entfernung oder Sperrung der Nutzung von Informationen nach den allgemeinen Gesetzen bleiben hiervon unber\u00fchrt. Eine diesbez\u00fcgliche Haftung ist jedoch erst ab dem Zeitpunkt der Kenntnis einer konkreten Rechtsverletzung m\u00f6glich. Bei Bekanntwerden von entsprechenden Rechtsverletzungen werden wir diese Inhalte umgehend entfernen.<\/p>\n<h2>Haftung f\u00fcr Links<\/h2>\n<p>Unser Angebot enth\u00e4lt Links zu externen Webseiten Dritter, auf deren Inhalte wir keinen Einfluss haben. Deshalb k\u00f6nnen wir f\u00fcr diese fremden Inhalte auch keine Gew\u00e4hr \u00fcbernehmen. F\u00fcr die Inhalte der verlinkten Seiten ist stets der jeweilige Anbieter oder Betreiber der Seiten verantwortlich. Die verlinkten Seiten wurden zum Zeitpunkt der Verlinkung auf m\u00f6gliche Rechtsverst\u00f6\u00dfe \u00fcberpr\u00fcft. Rechtswidrige Inhalte waren zum Zeitpunkt der Verlinkung nicht erkennbar.<\/p>\n<p>Eine permanente inhaltliche Kontrolle der verlinkten Seiten ist jedoch ohne konkrete Anhaltspunkte einer Rechtsverletzung nicht zumutbar. Bei Bekanntwerden von Rechtsverletzungen werden wir derartige Links umgehend entfernen.<\/p>\n<h2>Urheberrecht<\/h2>\n<p>Die durch die Seitenbetreiber erstellten Inhalte und Werke auf diesen Seiten unterliegen dem deutschen Urheberrecht. Die Vervielf\u00e4ltigung, Bearbeitung, Verbreitung und jede Art der Verwertung au\u00dferhalb der Grenzen des Urheberrechtes bed\u00fcrfen der schriftlichen Zustimmung des jeweiligen Autors bzw. Erstellers. Downloads und Kopien dieser Seite sind nur f\u00fcr den privaten, nicht kommerziellen Gebrauch gestattet.<\/p>\n<p>Soweit die Inhalte auf dieser Seite nicht vom Betreiber erstellt wurden, werden die Urheberrechte Dritter beachtet. Insbesondere werden Inhalte Dritter als solche gekennzeichnet. Sollten Sie trotzdem auf eine Urheberrechtsverletzung aufmerksam werden, bitten wir um einen entsprechenden Hinweis. Bei Bekanntwerden von Rechtsverletzungen werden wir derartige Inhalte umgehend entfernen.<\/p>\n<p>Quelle:\u00a0<a href=\"https:\/\/www.e-recht24.de\/\">https:\/\/www.e-recht24.de<\/a><\/p>\n","protected":false},"excerpt":{"rendered":"<p>Angaben gem\u00e4\u00df \u00a7 5 TMG: Rugby Verband Bayern e.V. Weiherweg 73 82194 Gr\u00f6benzell Vertreten durch: Vorsitzende: Sigrit Liebe Vize-Vorsitzender: &#8212; Kontakt: E-Mail: shop@rvby.de Tel +49 8142 5063380 Registereintrag: Eintragung im Vereinsregister. Registergericht:Registergericht M\u00fcnchen Registernummer: VR 15902 Umsatzsteuer-Identifikationsnummer gem\u00e4\u00df \u00a727 a Umsatzsteuergesetz: DE 143\/221\/00540 Wir sind nicht bereit oder verpflichtet, an Streitbeilegungsverfahren vor einer Verbraucherschlichtungsstelle teilzunehmen. [&hellip;]<\/p>\n","protected":false},"author":1,"featured_media":0,"parent":0,"menu_order":0,"comment_status":"closed","ping_status":"closed","template":"","meta":{"footnotes":""},"class_list":["post-494","page","type-page","status-publish","hentry"],"yoast_head":"<!-- This site is optimized with the Yoast SEO plugin v22.3 - https:\/\/yoast.com\/wordpress\/plugins\/seo\/ -->\n<title>Impressum - Rugby Verband Bayern e.V.<\/title>\n<meta name=\"robots\" content=\"index, follow, max-snippet:-1, max-image-preview:large, max-video-preview:-1\" \/>\n<link rel=\"canonical\" href=\"https:\/\/rvby-shop.de\/?page_id=494\" \/>\n<meta property=\"og:locale\" content=\"de_DE\" \/>\n<meta property=\"og:type\" content=\"article\" \/>\n<meta property=\"og:title\" content=\"Impressum - Rugby Verband Bayern e.V.\" \/>\n<meta property=\"og:description\" content=\"Angaben gem\u00e4\u00df \u00a7 5 TMG: Rugby Verband Bayern e.V. Weiherweg 73 82194 Gr\u00f6benzell Vertreten durch: Vorsitzende: Sigrit Liebe Vize-Vorsitzender: &#8212; Kontakt: E-Mail: shop@rvby.de Tel +49 8142 5063380 Registereintrag: Eintragung im Vereinsregister. Registergericht:Registergericht M\u00fcnchen Registernummer: VR 15902 Umsatzsteuer-Identifikationsnummer gem\u00e4\u00df \u00a727 a Umsatzsteuergesetz: DE 143\/221\/00540 Wir sind nicht bereit oder verpflichtet, an Streitbeilegungsverfahren vor einer Verbraucherschlichtungsstelle teilzunehmen. [&hellip;]\" \/>\n<meta property=\"og:url\" content=\"https:\/\/rvby-shop.de\/?page_id=494\" \/>\n<meta property=\"og:site_name\" content=\"Rugby Verband Bayern e.V.\" \/>\n<meta property=\"article:modified_time\" content=\"2022-10-26T10:42:23+00:00\" \/>\n<meta name=\"twitter:card\" content=\"summary_large_image\" \/>\n<meta name=\"twitter:label1\" content=\"Gesch\u00e4tzte Lesezeit\" \/>\n\t<meta name=\"twitter:data1\" content=\"2\u00a0Minuten\" \/>\n<script type=\"application\/ld+json\" class=\"yoast-schema-graph\">{\"@context\":\"https:\/\/schema.org\",\"@graph\":[{\"@type\":\"WebPage\",\"@id\":\"https:\/\/rvby-shop.de\/?page_id=494\",\"url\":\"https:\/\/rvby-shop.de\/?page_id=494\",\"name\":\"Impressum - Rugby Verband Bayern e.V.\",\"isPartOf\":{\"@id\":\"https:\/\/rvby-shop.de\/#website\"},\"datePublished\":\"2022-03-01T02:03:21+00:00\",\"dateModified\":\"2022-10-26T10:42:23+00:00\",\"inLanguage\":\"de\",\"potentialAction\":[{\"@type\":\"ReadAction\",\"target\":[\"https:\/\/rvby-shop.de\/?page_id=494\"]}]},{\"@type\":\"WebSite\",\"@id\":\"https:\/\/rvby-shop.de\/#website\",\"url\":\"https:\/\/rvby-shop.de\/\",\"name\":\"Rugby Verband Bayern e.V.\",\"description\":\"Online Shop\",\"publisher\":{\"@id\":\"https:\/\/rvby-shop.de\/#organization\"},\"potentialAction\":[{\"@type\":\"SearchAction\",\"target\":{\"@type\":\"EntryPoint\",\"urlTemplate\":\"https:\/\/rvby-shop.de\/?s={search_term_string}\"},\"query-input\":\"required name=search_term_string\"}],\"inLanguage\":\"de\"},{\"@type\":\"Organization\",\"@id\":\"https:\/\/rvby-shop.de\/#organization\",\"name\":\"Rugby Verband Bayern e.V.\",\"url\":\"https:\/\/rvby-shop.de\/\",\"logo\":{\"@type\":\"ImageObject\",\"inLanguage\":\"de\",\"@id\":\"https:\/\/rvby-shop.de\/#\/schema\/logo\/image\/\",\"url\":\"https:\/\/rvby-shop.de\/wp-content\/uploads\/2022\/02\/shop-logo.png\",\"contentUrl\":\"https:\/\/rvby-shop.de\/wp-content\/uploads\/2022\/02\/shop-logo.png\",\"width\":202,\"height\":80,\"caption\":\"Rugby Verband Bayern e.V.\"},\"image\":{\"@id\":\"https:\/\/rvby-shop.de\/#\/schema\/logo\/image\/\"}}]}<\/script>\n<!-- \/ Yoast SEO plugin. -->","yoast_head_json":{"title":"Impressum - Rugby Verband Bayern e.V.","robots":{"index":"index","follow":"follow","max-snippet":"max-snippet:-1","max-image-preview":"max-image-preview:large","max-video-preview":"max-video-preview:-1"},"canonical":"https:\/\/rvby-shop.de\/?page_id=494","og_locale":"de_DE","og_type":"article","og_title":"Impressum - Rugby Verband Bayern e.V.","og_description":"Angaben gem\u00e4\u00df \u00a7 5 TMG: Rugby Verband Bayern e.V. Weiherweg 73 82194 Gr\u00f6benzell Vertreten durch: Vorsitzende: Sigrit Liebe Vize-Vorsitzender: &#8212; Kontakt: E-Mail: shop@rvby.de Tel +49 8142 5063380 Registereintrag: Eintragung im Vereinsregister. Registergericht:Registergericht M\u00fcnchen Registernummer: VR 15902 Umsatzsteuer-Identifikationsnummer gem\u00e4\u00df \u00a727 a Umsatzsteuergesetz: DE 143\/221\/00540 Wir sind nicht bereit oder verpflichtet, an Streitbeilegungsverfahren vor einer Verbraucherschlichtungsstelle teilzunehmen. [&hellip;]","og_url":"https:\/\/rvby-shop.de\/?page_id=494","og_site_name":"Rugby Verband Bayern e.V.","article_modified_time":"2022-10-26T10:42:23+00:00","twitter_card":"summary_large_image","twitter_misc":{"Gesch\u00e4tzte Lesezeit":"2\u00a0Minuten"},"schema":{"@context":"https:\/\/schema.org","@graph":[{"@type":"WebPage","@id":"https:\/\/rvby-shop.de\/?page_id=494","url":"https:\/\/rvby-shop.de\/?page_id=494","name":"Impressum - Rugby Verband Bayern e.V.","isPartOf":{"@id":"https:\/\/rvby-shop.de\/#website"},"datePublished":"2022-03-01T02:03:21+00:00","dateModified":"2022-10-26T10:42:23+00:00","inLanguage":"de","potentialAction":[{"@type":"ReadAction","target":["https:\/\/rvby-shop.de\/?page_id=494"]}]},{"@type":"WebSite","@id":"https:\/\/rvby-shop.de\/#website","url":"https:\/\/rvby-shop.de\/","name":"Rugby Verband Bayern e.V.","description":"Online Shop","publisher":{"@id":"https:\/\/rvby-shop.de\/#organization"},"potentialAction":[{"@type":"SearchAction","target":{"@type":"EntryPoint","urlTemplate":"https:\/\/rvby-shop.de\/?s={search_term_string}"},"query-input":"required name=search_term_string"}],"inLanguage":"de"},{"@type":"Organization","@id":"https:\/\/rvby-shop.de\/#organization","name":"Rugby Verband Bayern e.V.","url":"https:\/\/rvby-shop.de\/","logo":{"@type":"ImageObject","inLanguage":"de","@id":"https:\/\/rvby-shop.de\/#\/schema\/logo\/image\/","url":"https:\/\/rvby-shop.de\/wp-content\/uploads\/2022\/02\/shop-logo.png","contentUrl":"https:\/\/rvby-shop.de\/wp-content\/uploads\/2022\/02\/shop-logo.png","width":202,"height":80,"caption":"Rugby Verband Bayern e.V."},"image":{"@id":"https:\/\/rvby-shop.de\/#\/schema\/logo\/image\/"}}]}},"jetpack_sharing_enabled":true,"_links":{"self":[{"href":"https:\/\/rvby-shop.de\/index.php?rest_route=\/wp\/v2\/pages\/494","targetHints":{"allow":["GET"]}}],"collection":[{"href":"https:\/\/rvby-shop.de\/index.php?rest_route=\/wp\/v2\/pages"}],"about":[{"href":"https:\/\/rvby-shop.de\/index.php?rest_route=\/wp\/v2\/types\/page"}],"author":[{"embeddable":true,"href":"https:\/\/rvby-shop.de\/index.php?rest_route=\/wp\/v2\/users\/1"}],"replies":[{"embeddable":true,"href":"https:\/\/rvby-shop.de\/index.php?rest_route=%2Fwp%2Fv2%2Fcomments&post=494"}],"version-history":[{"count":2,"href":"https:\/\/rvby-shop.de\/index.php?rest_route=\/wp\/v2\/pages\/494\/revisions"}],"predecessor-version":[{"id":1019,"href":"https:\/\/rvby-shop.de\/index.php?rest_route=\/wp\/v2\/pages\/494\/revisions\/1019"}],"wp:attachment":[{"href":"https:\/\/rvby-shop.de\/index.php?rest_route=%2Fwp%2Fv2%2Fmedia&parent=494"}],"curies":[{"name":"wp","href":"https:\/\/api.w.org\/{rel}","templated":true}]}}